{"id":24772,"date":"2024-12-18T12:48:11","date_gmt":"2024-12-18T11:48:11","guid":{"rendered":"https:\/\/sosa.several.studio\/politique-en-matiere-de-cookies\/"},"modified":"2025-01-20T18:33:25","modified_gmt":"2025-01-20T17:33:25","slug":"politique-en-matiere-de-cookies","status":"publish","type":"page","link":"https:\/\/www.sosa.cat\/fr\/politique-en-matiere-de-cookies\/","title":{"rendered":"Politique en mati\u00e8re de cookies"},"content":{"rendered":"\t\t<div data-elementor-type=\"wp-page\" data-elementor-id=\"24772\" class=\"elementor elementor-24772 elementor-6056\" data-elementor-post-type=\"page\">\n\t\t\t\t<div class=\"elementor-element elementor-element-9051dde e-flex e-con-boxed e-con e-parent\" data-id=\"9051dde\" data-element_type=\"container\" data-e-type=\"container\">\n\t\t\t\t\t<div class=\"e-con-inner\">\n\t\t<div class=\"elementor-element elementor-element-2705f59 e-con-full heading e-flex e-con e-child\" data-id=\"2705f59\" data-element_type=\"container\" data-e-type=\"container\" data-settings=\"{&quot;background_background&quot;:&quot;classic&quot;}\">\n\t\t\t\t<div class=\"elementor-element elementor-element-0ddd3b7 elementor-widget elementor-widget-breadcrumbs\" data-id=\"0ddd3b7\" data-element_type=\"widget\" data-e-type=\"widget\" data-widget_type=\"breadcrumbs.default\">\n\t\t\t\t<div class=\"elementor-widget-container\">\n\t\t\t\t\t<p id=\"breadcrumbs\"><span><span><a href=\"https:\/\/www.sosa.cat\/fr\/\">Accueil<\/a><\/span><\/span><\/p>\t\t\t\t<\/div>\n\t\t\t\t<\/div>\n\t\t\t\t<div class=\"elementor-element elementor-element-6602409 elementor-widget elementor-widget-heading\" data-id=\"6602409\" data-element_type=\"widget\" data-e-type=\"widget\" data-widget_type=\"heading.default\">\n\t\t\t\t<div class=\"elementor-widget-container\">\n\t\t\t\t\t<h1 class=\"elementor-heading-title elementor-size-default\">Politique en mati\u00e8re de cookies<\/h1>\t\t\t\t<\/div>\n\t\t\t\t<\/div>\n\t\t\t\t<\/div>\n\t\t\t\t\t<\/div>\n\t\t\t\t<\/div>\n\t\t<div class=\"elementor-element elementor-element-ec24814 e-flex e-con-boxed e-con e-parent\" data-id=\"ec24814\" data-element_type=\"container\" data-e-type=\"container\">\n\t\t\t\t\t<div class=\"e-con-inner\">\n\t\t<div class=\"elementor-element elementor-element-981bb99 e-con-full e-flex e-con e-child\" data-id=\"981bb99\" data-element_type=\"container\" data-e-type=\"container\">\n\t\t\t\t<div class=\"elementor-element elementor-element-2e5942c elementor-widget elementor-widget-text-editor\" data-id=\"2e5942c\" data-element_type=\"widget\" data-e-type=\"widget\" data-widget_type=\"text-editor.default\">\n\t\t\t\t<div class=\"elementor-widget-container\">\n\t\t\t\t\t\t\t\t\t<p>COOKIE POLICY OF sosa.cat Date de la derni\u00e8re mise \u00e0 jour : 06\/05\/2024<\/p>\n<p><strong>D\u00e9finitions<\/strong><\/p>\n<p>Les cookies sont des informations plac\u00e9es sur l&rsquo;appareil de l&rsquo;utilisateur par le serveur du site web visit\u00e9. Ils sont utilis\u00e9s par le site web pour envoyer des informations (telles qu&rsquo;un identifiant de session ou la langue pr\u00e9f\u00e9r\u00e9e) au navigateur Internet de l&rsquo;utilisateur, qui peut \u00e0 son tour les envoyer au site web d&rsquo;origine. <\/p>\n<p>Seul l&rsquo;\u00e9metteur d&rsquo;un cookie peut lire ou modifier les informations contenues dans le cookie.<\/p>\n<p>Il existe plusieurs types de cookies : soit des cookies de session qui disparaissent d\u00e8s que vous quittez le site web ; soit des cookies permanents qui restent sur votre appareil jusqu&rsquo;\u00e0 la fin de leur dur\u00e9e de vie ou jusqu&rsquo;\u00e0 ce que vous les supprimiez \u00e0 l&rsquo;aide des fonctionnalit\u00e9s de votre navigateur.<\/p>\n<p>Vous \u00eates inform\u00e9 que lorsque vous visitez un site web, des cookies peuvent \u00eatre install\u00e9s sur votre terminal.<\/p>\n<\/p>\n<p><strong>2. Les finalit\u00e9s des cookies utilis\u00e9s<\/strong><\/p>\n<p>Certains cookies utilis\u00e9s par l&rsquo;Editeur sont exclusivement destin\u00e9s \u00e0 permettre ou \u00e0 faciliter la communication \u00e9lectronique (d\u00e9tection des erreurs de connexion, identification des points de connexion, etc.)<\/p>\n<p>D&rsquo;autres cookies sont strictement n\u00e9cessaires \u00e0 la fourniture de services de communication en ligne (tels que la langue de navigation, les pr\u00e9f\u00e9rences d&rsquo;affichage de l&rsquo;\u00e9cran, etc.<\/p>\n<p>D&rsquo;autres cookies peuvent \u00e9galement \u00eatre con\u00e7us pour : o analyser la r\u00e9gularit\u00e9 et l&rsquo;utilisation des sites web afin d&rsquo;am\u00e9liorer votre exp\u00e9rience de navigation future ; o am\u00e9liorer la pertinence de la publicit\u00e9 diffus\u00e9e sur le site web ; o rendre le site web plus convivial et interactif.<\/p>\n<\/p>\n<p><strong>3. quels sont les cookies que nous utilisons ?<\/strong><\/p>\n<p>Les cookies utilis\u00e9s sur le site sont : &#8211; des cookies d\u00e9velopp\u00e9s par l&rsquo;Editeur ; &#8211; un nombre limit\u00e9 de cookies de tiers choisis par l&rsquo;Editeur \u00e0 des fins sp\u00e9cifiques.<\/p>\n<p><strong>3.1 Cookies d\u00e9velopp\u00e9s par l&rsquo;\u00e9diteur<\/strong><\/p>\n<p>Les cookies suivants peuvent \u00eatre d\u00e9pos\u00e9s par des outils int\u00e9gr\u00e9s au site web :<\/p>\n<table style=\"width: 100%; border-collapse: collapse;\" border=\"1\" cellpadding=\"3\">\n<tbody>\n<tr>\n<td>Nom du cookie<\/td>\n<td>Utilisation<\/td>\n<td>Dur\u00e9e des transferts<\/td>\n<td>Transferts internationaux<\/td>\n<\/tr>\n<tr>\n<td>PHPSESSID<\/td>\n<td>Identifiant g\u00e9n\u00e9ral des variables de session de l&rsquo;utilisateur, utilis\u00e9, par exemple, pour savoir dans quelle langue l&rsquo;utilisateur navigue.<\/td>\n<td>session<\/td>\n<td>non<\/td>\n<\/tr>\n<tr>\n<td>cookiehub<\/td>\n<td>Utilis\u00e9 par Cookiehub pour stocker des informations sur le fait que les visiteurs ont autoris\u00e9 ou refus\u00e9 l&rsquo;utilisation des cat\u00e9gories de cookies utilis\u00e9es sur le site.<\/td>\n<td>4 mois<\/td>\n<td>non<\/td>\n<\/tr>\n<tr>\n<td>cookieyes-consentement<\/td>\n<td>Utilis\u00e9 par Cookieyes pour stocker des informations sur le fait que les visiteurs ont autoris\u00e9 ou refus\u00e9 l&rsquo;utilisation des cat\u00e9gories de cookies utilis\u00e9es sur le site.<\/td>\n<td>1 an<\/td>\n<td>non<\/td>\n<\/tr>\n<tr>\n<td>pll_language<\/td>\n<td>Cookie qui identifie et m\u00e9morise la langue s\u00e9lectionn\u00e9e pour la navigation sur le site web.<\/td>\n<td>1 an<\/td>\n<td>non<\/td>\n<\/tr>\n<tr>\n<td>wp_lang<\/td>\n<td>Cookie qui identifie la langue dans laquelle vous naviguez sur le site.<\/td>\n<td>session<\/td>\n<td>non<\/td>\n<\/tr>\n<\/tbody>\n<\/table>\n<p><strong>3.2 Cookies de tiers<\/strong><\/p>\n<p>L&rsquo;\u00e9diteur utilise \u00e9galement des services propos\u00e9s par des tiers.<\/p>\n<p><strong>3.2.1 Cookies techniques<\/strong><\/p>\n<p>Ces cookies sont principalement destin\u00e9s \u00e0 faciliter la navigation de l&rsquo;utilisateur et \u00e0 fournir des fonctionnalit\u00e9s du site web.<\/p>\n<p><strong>3.2.2 Mesure de l&rsquo;audience<\/strong><\/p>\n<p>L&rsquo;\u00e9diteur fait appel \u00e0 des tiers pour mesurer l&rsquo;audience du site.<\/p>\n<p>En particulier, l&rsquo;Editeur utilise Google Analytics pour enregistrer les visiteurs et identifier la mani\u00e8re dont ils utilisent le site. Google Analytics est un outil statistique qui permet \u00e0 l&rsquo;Editeur d&rsquo;am\u00e9liorer le site en r\u00e9pondant aux besoins de ses visiteurs. <\/p>\n<p>Les donn\u00e9es g\u00e9n\u00e9r\u00e9es par ces cookies concernent : &#8211; votre utilisation du site, par exemple les pages que vous avez visit\u00e9es ; &#8211; votre adresse IP pour d\u00e9terminer la ville de connexion. Ces donn\u00e9es sont anonymis\u00e9es imm\u00e9diatement apr\u00e8s la localisation et ne sont pas communiqu\u00e9es \u00e0 Google. <\/p>\n<table style=\"width: 100%; border-collapse: collapse;\" border=\"1\" cellpadding=\"3\">\n<tbody>\n<tr>\n<td>Site web<\/td>\n<td>Nom du cookie<\/td>\n<td>Entreprise<\/td>\n<td>Utiliser<\/td>\n<td>Dur\u00e9e de l&rsquo;accord<\/td>\n<td>Transferts internationaux<\/td>\n<\/tr>\n<tr>\n<td>sosa.cat<\/td>\n<td>_ga<\/td>\n<td>Google Inc.<\/td>\n<td>Cookie unique de suivi de l&rsquo;utilisateur<\/td>\n<td>2 ans<\/td>\n<td>oui, USA<\/td>\n<\/tr>\n<tr>\n<td>sosa.cat<\/td>\n<td>_ga_XXXXXXXXX<\/td>\n<td>Google Inc.<\/td>\n<td>Cookie de suivi de l&rsquo;utilisateur<\/td>\n<td>2 ans<\/td>\n<td>oui, USA<\/td>\n<\/tr>\n<tr>\n<td>youtube.com<\/td>\n<td>CSY<\/td>\n<td>YouTube<\/td>\n<td>Compte les vues d&rsquo;une vid\u00e9o int\u00e9gr\u00e9e<\/td>\n<td>Session<\/td>\n<td>oui, USA<\/td>\n<\/tr>\n<tr>\n<td>youtube.com<\/td>\n<td>YTC<\/td>\n<td>YouTube<\/td>\n<td>G\u00e9rer la pr\u00e9sentation d&rsquo;une vid\u00e9o int\u00e9gr\u00e9e<\/td>\n<td>Session<\/td>\n<td>oui, USA<\/td>\n<\/tr>\n<tr>\n<td>youtube.com<\/td>\n<td>_gid<\/td>\n<td>Google Inc.<\/td>\n<td>Cookie de suivi de session<\/td>\n<td>1 jour<\/td>\n<td>oui, USA<\/td>\n<\/tr>\n<tr>\n<td>youtube.com<\/td>\n<td>_ga<\/td>\n<td>Google Inc.<\/td>\n<td>Cookie unique de suivi de l&rsquo;utilisateur<\/td>\n<td>2 ans<\/td>\n<td>oui, USA<\/td>\n<\/tr>\n<tr>\n<td>youtube.com<\/td>\n<td>_gat<\/td>\n<td>Google Inc.<\/td>\n<td>Cookie limitant la collecte de donn\u00e9es sur les sites \u00e0 fort trafic<\/td>\n<td>10 minutes<\/td>\n<td>oui, USA<\/td>\n<\/tr>\n<\/tbody>\n<\/table>\n<p><strong>3.2.3 Publicit\u00e9 cibl\u00e9e<\/strong><\/p>\n<p>Afin de vous proposer des publicit\u00e9s propos\u00e9es par l&rsquo;Editeur, des cookies tels que les suivants peuvent \u00e9galement \u00eatre plac\u00e9s sur votre appareil :<\/p>\n<table style=\"width: 100%; border-collapse: collapse;\" border=\"1\" cellpadding=\"3\">\n<tbody>\n<tr>\n<td>Site web<\/td>\n<td>Nom du cookie<\/td>\n<td>Entreprise<\/td>\n<td>Utiliser<\/td>\n<td>Dur\u00e9e de l&rsquo;accord<\/td>\n<td>Transferts internationaux<\/td>\n<\/tr>\n<tr>\n<td>sosa.cat<\/td>\n<td>_gcl_au<\/td>\n<td>Google Inc.<\/td>\n<td>Utilis\u00e9 par Google AdSense pour exp\u00e9rimenter l&rsquo;efficacit\u00e9 de la publicit\u00e9 sur les sites web utilisant leurs services.<\/td>\n<td>6 mois<\/td>\n<td>oui, USA<\/td>\n<\/tr>\n<tr>\n<td>sosa.cat<\/td>\n<td>_fbp<\/td>\n<td>Facebook<\/td>\n<td>Utilis\u00e9 par Facebook pour fournir une gamme de produits publicitaires, tels que des offres en temps r\u00e9el d&rsquo;annonceurs externes.<\/td>\n<td>3 mois<\/td>\n<td>oui, USA<\/td>\n<\/tr>\n<tr>\n<td>youtube.com<\/td>\n<td>__Secure-3PAPISID<\/td>\n<td>Google Inc.<\/td>\n<td>Il cr\u00e9e un profil des int\u00e9r\u00eats des visiteurs du site web afin d&rsquo;afficher des publicit\u00e9s pertinentes et personnalis\u00e9es.<\/td>\n<td>2 ans<\/td>\n<td>oui, USA<\/td>\n<\/tr>\n<tr>\n<td>youtube.com<\/td>\n<td>Secure-3PSID<\/td>\n<td>YouTube<\/td>\n<td>Il cr\u00e9e un profil des int\u00e9r\u00eats des visiteurs du site web afin d&rsquo;afficher des publicit\u00e9s pertinentes et personnalis\u00e9es.<\/td>\n<td>1 an<\/td>\n<td>oui, USA<\/td>\n<\/tr>\n<tr>\n<td>youtube.com<\/td>\n<td>Secure-3PSIDCC<\/td>\n<td>YouTube<\/td>\n<td>Il cr\u00e9e un profil des int\u00e9r\u00eats des visiteurs du site web afin d&rsquo;afficher des publicit\u00e9s pertinentes et personnalis\u00e9es.<\/td>\n<td>2 ans<\/td>\n<td>oui, USA<\/td>\n<\/tr>\n<tr>\n<td>youtube.com<\/td>\n<td>CONSENTEMENT<\/td>\n<td>Google Inc.<\/td>\n<td>Collecte d&rsquo;informations sur la mani\u00e8re dont l&rsquo;utilisateur utilise le site web et les publicit\u00e9s avant de visiter le site web.<\/td>\n<td>15 mois<\/td>\n<td>oui, USA<\/td>\n<\/tr>\n<tr>\n<td>youtube.com<\/td>\n<td>CONSISTANCE<\/td>\n<td>Google Inc.<\/td>\n<td>Cookie \u00e0 des fins publicitaires<\/td>\n<td>1 jour<\/td>\n<td>oui, USA<\/td>\n<\/tr>\n<\/tbody>\n<\/table>\n<p><strong>3.2.4 Am\u00e9liorer la convivialit\u00e9 et l&rsquo;interactivit\u00e9 du site web<\/strong><\/p>\n<p>Afin de vous permettre d&rsquo;acc\u00e9der \u00e0 certaines fonctionnalit\u00e9s du site, l&rsquo;Editeur peut \u00eatre amen\u00e9 \u00e0 utiliser certains services de tiers, tels que : &#8211; Les boutons de partage Facebook et Twitter.<\/p>\n<p>Ces cookies ne cr\u00e9ent pas de profils des utilisateurs qui naviguent sur le site web et, par cons\u00e9quent, aucune d\u00e9cision automatis\u00e9e n&rsquo;est prise sur la base de ces donn\u00e9es.<\/p>\n<p><strong>Politique en mati\u00e8re de cookies de tiers<\/strong><\/p>\n<table style=\"width: 100%; border-collapse: collapse;\" border=\"1\" cellpadding=\"3\">\n<tbody>\n<tr>\n<td>Google\/Youtube<\/td>\n<td>https:\/\/policies.google.com\/technologies\/cookies?hl=es<\/td>\n<\/tr>\n<tr>\n<td>Facebook<\/td>\n<td>https:\/\/es-es.facebook.com\/privacy\/policies\/cookies\/?entry_point=cookie_policy_redirect&amp;entry=0<\/td>\n<\/tr>\n<tr>\n<td>Twitter<\/td>\n<td>https:\/\/help.twitter.com\/es\/rules-and-policies\/twitter-cookies<\/td>\n<\/tr>\n<tr>\n<td>Mailchimp<\/td>\n<td>https:\/\/mailchimp.com\/legal\/cookies\/?locale=es<\/td>\n<\/tr>\n<\/tbody>\n<\/table>\n<p>Vous pouvez conna\u00eetre les transferts vers des pays tiers qui, le cas \u00e9ch\u00e9ant, sont effectu\u00e9s par les tiers identifi\u00e9s dans la pr\u00e9sente politique en mati\u00e8re de cookies, ainsi que les risques li\u00e9s \u00e0 ces transferts conform\u00e9ment \u00e0 leurs propres politiques en dehors de ce site web, en acc\u00e9dant \u00e0 leurs politiques en mati\u00e8re de cookies correspondantes fournies dans chaque cas dans le tableau ci-dessus.<\/p>\n<\/p>\n<p><strong>4. L&rsquo;autorisation<\/strong><\/p>\n<p>Lors de votre premi\u00e8re visite sur notre site web, nous vous sugg\u00e9rons d&rsquo;accepter l&rsquo;utilisation de cookies.<\/p>\n<p>Si vous acceptez l&rsquo;utilisation de cookies, un cookie de consentement sera install\u00e9 de la m\u00eame mani\u00e8re.<\/p>\n<p>Les cookies de consentement doivent rester sur votre appareil, mais vous pouvez changer d&rsquo;avis \u00e0 tout moment, conform\u00e9ment \u00e0 la section suivante sur la gestion des cookies.<\/p>\n<\/p>\n<p><strong>5. Gestion des cookies<\/strong><\/p>\n<p>Vous disposez de plusieurs options pour supprimer et g\u00e9rer les cookies et autres traceurs.<\/p>\n<p><strong>5.1 Param\u00e8tres du navigateur<\/strong><\/p>\n<p>Bien que la plupart des navigateurs soient param\u00e9tr\u00e9s par d\u00e9faut pour accepter l&rsquo;installation de cookies, vous pouvez choisir d&rsquo;accepter tous les cookies, de les rejeter syst\u00e9matiquement ou de s\u00e9lectionner certains cookies en fonction de leur \u00e9metteur. Vous pouvez \u00e9galement supprimer r\u00e9guli\u00e8rement les cookies de votre appareil via votre navigateur. <\/p>\n<p>Cependant, n&rsquo;oubliez pas de configurer tous les navigateurs de vos diff\u00e9rents appareils (tablettes, smartphones, ordinateurs, etc.).<\/p>\n<p>Les param\u00e8tres des cookies et les autres options du navigateur varient d&rsquo;un navigateur \u00e0 l&rsquo;autre, mais sont toujours d\u00e9crits dans le menu d&rsquo;aide de votre navigateur.<\/p>\n<p>Par exemple : &#8211; Pour Internet Explorer\u2122 : https:\/\/support.microsoft.com\/es-es\/help\/17442\/windows-internet-explorer-delete-manage-cookies &#8211; Pour Safari\u2122 : https:\/\/support.apple.com\/es-es\/guide\/safari\/sfri11471\/mac &#8211; Pour Chrome\u2122 : https:\/\/support.google.com\/chrome\/answer\/95647?hl=es&amp;hlrm=en &#8211; Pour Firefox\u2122 : https:\/\/support.mozilla.org\/es\/kb\/proteccion-de-rastreo-mejorada-en-firefox-para-esc &#8211; Pour Opera\u2122 : http:\/\/help.opera.com\/Windows\/10.20\/es\/cookies.html <\/p>\n<p>Toutefois, nous vous signalons qu&rsquo;en param\u00e9trant votre navigateur pour refuser les cookies, certaines fonctionnalit\u00e9s, pages et zones du site ne vous seront pas accessibles, ce dont nous ne pouvons \u00eatre tenus pour responsables.<\/p>\n<p><strong>5.2 Plateformes oppos\u00e9es<\/strong><\/p>\n<p>Plusieurs plateformes publicitaires vous offrent \u00e9galement la possibilit\u00e9 de refuser ou d&rsquo;accepter les cookies utilis\u00e9s par les entreprises qui utilisent les plateformes, gr\u00e2ce \u00e0 des m\u00e9canismes qui n&#8217;emp\u00eachent pas l&rsquo;affichage de la publicit\u00e9, mais qui emp\u00eachent l&rsquo;installation de cookies afin d&rsquo;adapter la publicit\u00e9 des plateformes \u00e0 vos centres d&rsquo;int\u00e9r\u00eat.<\/p>\n<p>Vous pouvez, par exemple, utiliser www.youronlinechoices.com pour interdire l&rsquo;installation de ces cookies sur votre appareil. Le site est fourni par les professionnels de la publicit\u00e9 num\u00e9rique de l&rsquo;association europ\u00e9enne EDAA (European Digital Advertising Alliance) et est g\u00e9r\u00e9 en France par le Bureau de la publicit\u00e9 interactive. <\/p>\n<p>Vous pouvez ainsi identifier les entreprises inscrites sur la plateforme qui vous offrent la possibilit\u00e9 de refuser ou d&rsquo;accepter leurs cookies afin d&rsquo;adapter leur publicit\u00e9 aux donn\u00e9es de votre navigateur : https:\/\/www.youronlinechoices.com\/es\/preferencias\/. Cette plateforme europ\u00e9enne est partag\u00e9e par des centaines de professionnels de la publicit\u00e9 sur Internet.<\/p>\n\t\t\t\t\t\t\t\t<\/div>\n\t\t\t\t<\/div>\n\t\t\t\t<\/div>\n\t\t\t\t\t<\/div>\n\t\t\t\t<\/div>\n\t\t\t\t<\/div>\n\t\t","protected":false},"excerpt":{"rendered":"<p>Politique en mati\u00e8re de cookies COOKIE POLICY OF sosa.cat Date de la derni\u00e8re mise \u00e0 jour : 06\/05\/2024 D\u00e9finitions Les cookies sont des informations plac\u00e9es sur l&rsquo;appareil de l&rsquo;utilisateur par le serveur du site web visit\u00e9. Ils sont utilis\u00e9s par le site web pour envoyer des informations (telles qu&rsquo;un identifiant de session ou la langue [&hellip;]<\/p>\n","protected":false},"author":1,"featured_media":0,"parent":0,"menu_order":0,"comment_status":"closed","ping_status":"closed","template":"","meta":{"_acf_changed":false,"inline_featured_image":false,"footnotes":""},"class_list":["post-24772","page","type-page","status-publish","hentry"],"acf":[],"yoast_head":"<!-- This site is optimized with the Yoast SEO plugin v27.4 - https:\/\/yoast.com\/product\/yoast-seo-wordpress\/ -->\n<title>Politique en mati\u00e8re de cookies - Sosa<\/title>\n<meta name=\"robots\" content=\"index, follow, max-snippet:-1, max-image-preview:large, max-video-preview:-1\" \/>\n<link rel=\"canonical\" href=\"https:\/\/www.sosa.cat\/fr\/politique-en-matiere-de-cookies\/\" \/>\n<meta property=\"og:locale\" content=\"fr_FR\" \/>\n<meta property=\"og:type\" content=\"article\" \/>\n<meta property=\"og:title\" content=\"Politique en mati\u00e8re de cookies - Sosa\" \/>\n<meta property=\"og:description\" content=\"Politique en mati\u00e8re de cookies COOKIE POLICY OF sosa.cat Date de la derni\u00e8re mise \u00e0 jour : 06\/05\/2024 D\u00e9finitions Les cookies sont des informations plac\u00e9es sur l&rsquo;appareil de l&rsquo;utilisateur par le serveur du site web visit\u00e9. Ils sont utilis\u00e9s par le site web pour envoyer des informations (telles qu&rsquo;un identifiant de session ou la langue [&hellip;]\" \/>\n<meta property=\"og:url\" content=\"https:\/\/www.sosa.cat\/fr\/politique-en-matiere-de-cookies\/\" \/>\n<meta property=\"og:site_name\" content=\"Sosa\" \/>\n<meta property=\"article:publisher\" content=\"https:\/\/www.facebook.com\/SosaIngredients\/\" \/>\n<meta property=\"article:modified_time\" content=\"2025-01-20T17:33:25+00:00\" \/>\n<meta property=\"og:image\" content=\"https:\/\/www.sosa.cat\/wp-content\/uploads\/2025\/01\/share-sosa.jpg\" \/>\n\t<meta property=\"og:image:width\" content=\"1200\" \/>\n\t<meta property=\"og:image:height\" content=\"630\" \/>\n\t<meta property=\"og:image:type\" content=\"image\/jpeg\" \/>\n<meta name=\"twitter:card\" content=\"summary_large_image\" \/>\n<meta name=\"twitter:label1\" content=\"Dur\u00e9e de lecture estim\u00e9e\" \/>\n\t<meta name=\"twitter:data1\" content=\"8 minute\" \/>\n<script type=\"application\/ld+json\" class=\"yoast-schema-graph\">{\"@context\":\"https:\\\/\\\/schema.org\",\"@graph\":[{\"@type\":\"WebPage\",\"@id\":\"https:\\\/\\\/www.sosa.cat\\\/fr\\\/politique-en-matiere-de-cookies\\\/\",\"url\":\"https:\\\/\\\/www.sosa.cat\\\/fr\\\/politique-en-matiere-de-cookies\\\/\",\"name\":\"Politique en mati\u00e8re de cookies - Sosa\",\"isPartOf\":{\"@id\":\"https:\\\/\\\/www.sosa.cat\\\/fr\\\/#website\"},\"datePublished\":\"2024-12-18T11:48:11+00:00\",\"dateModified\":\"2025-01-20T17:33:25+00:00\",\"breadcrumb\":{\"@id\":\"https:\\\/\\\/www.sosa.cat\\\/fr\\\/politique-en-matiere-de-cookies\\\/#breadcrumb\"},\"inLanguage\":\"fr-FR\",\"potentialAction\":[{\"@type\":\"ReadAction\",\"target\":[\"https:\\\/\\\/www.sosa.cat\\\/fr\\\/politique-en-matiere-de-cookies\\\/\"]}]},{\"@type\":\"BreadcrumbList\",\"@id\":\"https:\\\/\\\/www.sosa.cat\\\/fr\\\/politique-en-matiere-de-cookies\\\/#breadcrumb\",\"itemListElement\":[{\"@type\":\"ListItem\",\"position\":1,\"name\":\"Accueil\",\"item\":\"https:\\\/\\\/www.sosa.cat\\\/fr\\\/\"},{\"@type\":\"ListItem\",\"position\":2,\"name\":\"Politique en mati\u00e8re de cookies\"}]},{\"@type\":\"WebSite\",\"@id\":\"https:\\\/\\\/www.sosa.cat\\\/fr\\\/#website\",\"url\":\"https:\\\/\\\/www.sosa.cat\\\/fr\\\/\",\"name\":\"Sosa Ingredients\",\"description\":\"\",\"publisher\":{\"@id\":\"https:\\\/\\\/www.sosa.cat\\\/fr\\\/#organization\"},\"potentialAction\":[{\"@type\":\"SearchAction\",\"target\":{\"@type\":\"EntryPoint\",\"urlTemplate\":\"https:\\\/\\\/www.sosa.cat\\\/fr\\\/?s={search_term_string}\"},\"query-input\":{\"@type\":\"PropertyValueSpecification\",\"valueRequired\":true,\"valueName\":\"search_term_string\"}}],\"inLanguage\":\"fr-FR\"},{\"@type\":\"Organization\",\"@id\":\"https:\\\/\\\/www.sosa.cat\\\/fr\\\/#organization\",\"name\":\"SOSA\",\"url\":\"https:\\\/\\\/www.sosa.cat\\\/fr\\\/\",\"logo\":{\"@type\":\"ImageObject\",\"inLanguage\":\"fr-FR\",\"@id\":\"https:\\\/\\\/www.sosa.cat\\\/fr\\\/#\\\/schema\\\/logo\\\/image\\\/\",\"url\":\"https:\\\/\\\/www.sosa.cat\\\/wp-content\\\/uploads\\\/2024\\\/11\\\/logo_sosa_big.png\",\"contentUrl\":\"https:\\\/\\\/www.sosa.cat\\\/wp-content\\\/uploads\\\/2024\\\/11\\\/logo_sosa_big.png\",\"width\":258,\"height\":260,\"caption\":\"SOSA\"},\"image\":{\"@id\":\"https:\\\/\\\/www.sosa.cat\\\/fr\\\/#\\\/schema\\\/logo\\\/image\\\/\"},\"sameAs\":[\"https:\\\/\\\/www.facebook.com\\\/SosaIngredients\\\/\",\"https:\\\/\\\/www.instagram.com\\\/sosaingredients\\\/\",\"https:\\\/\\\/www.youtube.com\\\/SosaIngredients\",\"https:\\\/\\\/www.linkedin.com\\\/company\\\/sosa-ingredients\\\/\"]}]}<\/script>\n<!-- \/ Yoast SEO plugin. -->","yoast_head_json":{"title":"Politique en mati\u00e8re de cookies - Sosa","robots":{"index":"index","follow":"follow","max-snippet":"max-snippet:-1","max-image-preview":"max-image-preview:large","max-video-preview":"max-video-preview:-1"},"canonical":"https:\/\/www.sosa.cat\/fr\/politique-en-matiere-de-cookies\/","og_locale":"fr_FR","og_type":"article","og_title":"Politique en mati\u00e8re de cookies - Sosa","og_description":"Politique en mati\u00e8re de cookies COOKIE POLICY OF sosa.cat Date de la derni\u00e8re mise \u00e0 jour : 06\/05\/2024 D\u00e9finitions Les cookies sont des informations plac\u00e9es sur l&rsquo;appareil de l&rsquo;utilisateur par le serveur du site web visit\u00e9. Ils sont utilis\u00e9s par le site web pour envoyer des informations (telles qu&rsquo;un identifiant de session ou la langue [&hellip;]","og_url":"https:\/\/www.sosa.cat\/fr\/politique-en-matiere-de-cookies\/","og_site_name":"Sosa","article_publisher":"https:\/\/www.facebook.com\/SosaIngredients\/","article_modified_time":"2025-01-20T17:33:25+00:00","og_image":[{"width":1200,"height":630,"url":"https:\/\/www.sosa.cat\/wp-content\/uploads\/2025\/01\/share-sosa.jpg","type":"image\/jpeg"}],"twitter_card":"summary_large_image","twitter_misc":{"Dur\u00e9e de lecture estim\u00e9e":"8 minute"},"schema":{"@context":"https:\/\/schema.org","@graph":[{"@type":"WebPage","@id":"https:\/\/www.sosa.cat\/fr\/politique-en-matiere-de-cookies\/","url":"https:\/\/www.sosa.cat\/fr\/politique-en-matiere-de-cookies\/","name":"Politique en mati\u00e8re de cookies - Sosa","isPartOf":{"@id":"https:\/\/www.sosa.cat\/fr\/#website"},"datePublished":"2024-12-18T11:48:11+00:00","dateModified":"2025-01-20T17:33:25+00:00","breadcrumb":{"@id":"https:\/\/www.sosa.cat\/fr\/politique-en-matiere-de-cookies\/#breadcrumb"},"inLanguage":"fr-FR","potentialAction":[{"@type":"ReadAction","target":["https:\/\/www.sosa.cat\/fr\/politique-en-matiere-de-cookies\/"]}]},{"@type":"BreadcrumbList","@id":"https:\/\/www.sosa.cat\/fr\/politique-en-matiere-de-cookies\/#breadcrumb","itemListElement":[{"@type":"ListItem","position":1,"name":"Accueil","item":"https:\/\/www.sosa.cat\/fr\/"},{"@type":"ListItem","position":2,"name":"Politique en mati\u00e8re de cookies"}]},{"@type":"WebSite","@id":"https:\/\/www.sosa.cat\/fr\/#website","url":"https:\/\/www.sosa.cat\/fr\/","name":"Sosa Ingredients","description":"","publisher":{"@id":"https:\/\/www.sosa.cat\/fr\/#organization"},"potentialAction":[{"@type":"SearchAction","target":{"@type":"EntryPoint","urlTemplate":"https:\/\/www.sosa.cat\/fr\/?s={search_term_string}"},"query-input":{"@type":"PropertyValueSpecification","valueRequired":true,"valueName":"search_term_string"}}],"inLanguage":"fr-FR"},{"@type":"Organization","@id":"https:\/\/www.sosa.cat\/fr\/#organization","name":"SOSA","url":"https:\/\/www.sosa.cat\/fr\/","logo":{"@type":"ImageObject","inLanguage":"fr-FR","@id":"https:\/\/www.sosa.cat\/fr\/#\/schema\/logo\/image\/","url":"https:\/\/www.sosa.cat\/wp-content\/uploads\/2024\/11\/logo_sosa_big.png","contentUrl":"https:\/\/www.sosa.cat\/wp-content\/uploads\/2024\/11\/logo_sosa_big.png","width":258,"height":260,"caption":"SOSA"},"image":{"@id":"https:\/\/www.sosa.cat\/fr\/#\/schema\/logo\/image\/"},"sameAs":["https:\/\/www.facebook.com\/SosaIngredients\/","https:\/\/www.instagram.com\/sosaingredients\/","https:\/\/www.youtube.com\/SosaIngredients","https:\/\/www.linkedin.com\/company\/sosa-ingredients\/"]}]}},"_links":{"self":[{"href":"https:\/\/www.sosa.cat\/fr\/wp-json\/wp\/v2\/pages\/24772","targetHints":{"allow":["GET"]}}],"collection":[{"href":"https:\/\/www.sosa.cat\/fr\/wp-json\/wp\/v2\/pages"}],"about":[{"href":"https:\/\/www.sosa.cat\/fr\/wp-json\/wp\/v2\/types\/page"}],"author":[{"embeddable":true,"href":"https:\/\/www.sosa.cat\/fr\/wp-json\/wp\/v2\/users\/1"}],"replies":[{"embeddable":true,"href":"https:\/\/www.sosa.cat\/fr\/wp-json\/wp\/v2\/comments?post=24772"}],"version-history":[{"count":0,"href":"https:\/\/www.sosa.cat\/fr\/wp-json\/wp\/v2\/pages\/24772\/revisions"}],"wp:attachment":[{"href":"https:\/\/www.sosa.cat\/fr\/wp-json\/wp\/v2\/media?parent=24772"}],"curies":[{"name":"wp","href":"https:\/\/api.w.org\/{rel}","templated":true}]}}