{"id":24596,"date":"2024-12-18T12:48:23","date_gmt":"2024-12-18T11:48:23","guid":{"rendered":"https:\/\/sosa.several.studio\/avis-juridique\/"},"modified":"2025-01-20T18:32:44","modified_gmt":"2025-01-20T17:32:44","slug":"avis-juridique","status":"publish","type":"page","link":"https:\/\/www.sosa.cat\/fr\/avis-juridique\/","title":{"rendered":"Avis juridique"},"content":{"rendered":"\t\t<div data-elementor-type=\"wp-page\" data-elementor-id=\"24596\" class=\"elementor elementor-24596 elementor-6058\" data-elementor-post-type=\"page\">\n\t\t\t\t<div class=\"elementor-element elementor-element-7fd3255 e-flex e-con-boxed e-con e-parent\" data-id=\"7fd3255\" data-element_type=\"container\" data-e-type=\"container\">\n\t\t\t\t\t<div class=\"e-con-inner\">\n\t\t<div class=\"elementor-element elementor-element-c95c95a e-con-full heading e-flex e-con e-child\" data-id=\"c95c95a\" data-element_type=\"container\" data-e-type=\"container\" data-settings=\"{&quot;background_background&quot;:&quot;classic&quot;}\">\n\t\t\t\t<div class=\"elementor-element elementor-element-67212fa elementor-widget elementor-widget-breadcrumbs\" data-id=\"67212fa\" data-element_type=\"widget\" data-e-type=\"widget\" data-widget_type=\"breadcrumbs.default\">\n\t\t\t\t<div class=\"elementor-widget-container\">\n\t\t\t\t\t<p id=\"breadcrumbs\"><span><span><a href=\"https:\/\/www.sosa.cat\/fr\/\">Accueil<\/a><\/span><\/span><\/p>\t\t\t\t<\/div>\n\t\t\t\t<\/div>\n\t\t\t\t<div class=\"elementor-element elementor-element-08c6194 elementor-widget elementor-widget-heading\" data-id=\"08c6194\" data-element_type=\"widget\" data-e-type=\"widget\" data-widget_type=\"heading.default\">\n\t\t\t\t<div class=\"elementor-widget-container\">\n\t\t\t\t\t<h1 class=\"elementor-heading-title elementor-size-default\">Avis juridique<\/h1>\t\t\t\t<\/div>\n\t\t\t\t<\/div>\n\t\t\t\t<\/div>\n\t\t\t\t\t<\/div>\n\t\t\t\t<\/div>\n\t\t<div class=\"elementor-element elementor-element-9face69 e-flex e-con-boxed e-con e-parent\" data-id=\"9face69\" data-element_type=\"container\" data-e-type=\"container\">\n\t\t\t\t\t<div class=\"e-con-inner\">\n\t\t\t\t<div class=\"elementor-element elementor-element-2d67d8b elementor-widget elementor-widget-text-editor\" data-id=\"2d67d8b\" data-element_type=\"widget\" data-e-type=\"widget\" data-widget_type=\"text-editor.default\">\n\t\t\t\t<div class=\"elementor-widget-container\">\n\t\t\t\t\t\t\t\t\t<p>En naviguant sur le site sosa.cat, ci-apr\u00e8s le \u00a0\u00bb site web \u00ab\u00a0, en tant qu&rsquo;utilisateur, ci-apr\u00e8s \u00a0\u00bb vous \u00a0\u00bb ou \u00a0\u00bb l&rsquo;utilisateur \u00ab\u00a0, vous reconnaissez comprendre et accepter les conditions d&rsquo;utilisation, ainsi que les conditions sp\u00e9cifiques applicables \u00e0 certains services du site web, mentionn\u00e9es ci-dessous.<\/p>\n<p><strong><br>1) Mentions l\u00e9gales<\/strong>L&rsquo;\u00e9diteur du site web est SOSA INGREDIENTS, SL. ci-apr\u00e8s d\u00e9nomm\u00e9e \u00ab\u00a0l&rsquo;\u00e9diteur\u00a0\u00bb. Adresse : Colonia Galobart s\/n, 08270 Navarcles, Barcelona. <strong>&nbsp;C.I.F. : n\u00fam. B08932188 T : 938666111 F : 938666094 E-mail : sosa@sosa.cat Inscrit au registre du commerce de Barcelone, tome 23.945, folio 77, page 61.693, section g\u00e9n\u00e9rale, inscription 6\u00aa.<\/strong>     <\/p><p><br><\/p>\n<p><strong>2.<br> Droits de propri\u00e9t\u00e9 intellectuelle<\/strong>Le site web et tout son contenu (y compris les marques, les logos et tous les \u00e9l\u00e9ments graphiques, textuels et logiciels, y compris les diagrammes d&rsquo;arbre, la mise en forme, les articles, les pr\u00e9sentations, les illustrations, les photographies et tout autre document) sont prot\u00e9g\u00e9s par les droits de propri\u00e9t\u00e9 intellectuelle espagnols et internationaux.<strong><\/strong><\/p>\n<p>Tous droits r\u00e9serv\u00e9s, copyright\u00a9 \u00e0 partir de 2020.<\/p>\n<p>La navigation sur le site et son contenu ne peut en aucun cas \u00eatre interpr\u00e9t\u00e9e comme l&rsquo;octroi d&rsquo;une licence ou de tout autre droit d&rsquo;utilisation du site.<\/p>\n<p>A ce titre, toute forme de repr\u00e9sentation, reproduction, imbrication, diffusion et rediffusion, totale ou partielle, est interdite. Toute personne y proc\u00e9dant sans l&rsquo;autorisation expresse et pr\u00e9alable du titulaire des droits concern\u00e9s s&rsquo;expose \u00e0 la commission d&rsquo;un d\u00e9lit de contrefa\u00e7on. L&rsquo;\u00e9diteur se r\u00e9serve le droit de poursuivre les contrefacteurs.  <\/p>\n<p>L&rsquo;Editeur se r\u00e9serve \u00e9galement le droit d&rsquo;am\u00e9liorer ou de modifier \u00e0 tout moment les informations, produits, programmes ou conditions d&rsquo;utilisation d\u00e9crits sur le Site sans que sa responsabilit\u00e9 puisse \u00eatre engag\u00e9e de ce fait. Les termes, conditions et mentions applicables sont ceux en vigueur \u00e0 la date de votre connexion au Site. <\/p>\n<p>Toutes les marques cit\u00e9es, en particulier Sosa, Valrhona, Coulinary Journey sont des marques d\u00e9pos\u00e9es.<\/p>\n<p>Toutes les photographies utilis\u00e9es sur le site web sont prot\u00e9g\u00e9es par le droit d&rsquo;auteur. Pour des raisons pratiques, les cr\u00e9dits applicables aux photographies ne sont pas mentionn\u00e9s. Pour plus d&rsquo;informations sur les auteurs des photographies, vous pouvez contacter le r\u00e9dacteur en utilisant le formulaire de contact pr\u00e9vu \u00e0 cet effet.  <\/p><p><br><\/p>\n<p><strong>3.<br> Hyperliens<\/strong>Le Site peut inclure des hyperliens vers des sites web de tiers. L&rsquo;utilisateur qui est redirig\u00e9 vers un site tiers par le biais d&rsquo;un lien hypertexte, reconna\u00eet que l&rsquo;Editeur n&rsquo;a aucun contr\u00f4le sur le contenu, les informations, les produits et les services propos\u00e9s sur ces sites. Par cons\u00e9quent, l&rsquo;Editeur ne peut \u00eatre tenu responsable de tout pr\u00e9judice direct ou indirect imputable \u00e0 l&rsquo;utilisation de ces sites web hyperli\u00e9s.<strong><\/strong>  <\/p>\n<p>L&rsquo;Editeur n&rsquo;est pas non plus responsable des liens hypertextes vers le Site.<\/p>\n<p>Toute personne souhaitant mettre en place des liens hypertextes vers le Site doit obtenir l&rsquo;autorisation pr\u00e9alable et \u00e9crite de l&rsquo;Editeur.<\/p><p><br><\/p>\n<p><strong>4.<br> Limitation de responsabilit\u00e9<\/strong>L&rsquo;Editeur souligne les caract\u00e9ristiques et les limites inh\u00e9rentes \u00e0 l&rsquo;Internet et ne saurait \u00eatre tenu responsable de tout pr\u00e9judice r\u00e9sultant de l&rsquo;acc\u00e8s au Site ou, \u00e0 l&rsquo;inverse, de l&rsquo;impossibilit\u00e9 d&rsquo;acc\u00e9der au Site. L&rsquo;Editeur ne peut \u00eatre tenu responsable de l&rsquo;indisponibilit\u00e9 du Site pour quelque cause que ce soit (d\u00e9faillance technique, encombrement du r\u00e9seau, etc.).<strong><\/strong> <\/p>\n<p>L&rsquo;utilisateur reconna\u00eet express\u00e9ment qu&rsquo;il utilise le site \u00e0 ses risques et p\u00e9rils et sous sa seule responsabilit\u00e9. L&rsquo;Editeur ne saurait \u00eatre tenu responsable de tout dommage direct ou indirect, mat\u00e9riel ou immat\u00e9riel caus\u00e9 aux utilisateurs, \u00e0 leurs \u00e9quipements informatiques ou de t\u00e9l\u00e9communications et aux donn\u00e9es qui y sont stock\u00e9es, ou de toutes cons\u00e9quences li\u00e9es \u00e0 leurs activit\u00e9s personnelles, professionnelles ou commerciales. <\/p>\n<p>Les informations fournies sur le site web sont indicatives. Elles sont r\u00e9guli\u00e8rement v\u00e9rifi\u00e9es et mises \u00e0 jour, mais peuvent encore contenir des erreurs. En particulier, il faut tenir compte du moment de leur publication sur le site et non de leur consultation (notez que les donn\u00e9es peuvent avoir \u00e9t\u00e9 mises \u00e0 jour entre le moment o\u00f9 elles sont t\u00e9l\u00e9charg\u00e9es et celui o\u00f9 elles sont lues). La responsabilit\u00e9 de l&rsquo;Editeur ne peut en aucun cas \u00eatre engag\u00e9e sur la base de ces informations.   <\/p><p><br><\/p>\n<p><strong>5.<br> Acc\u00e8s aux zones prot\u00e9g\u00e9es par un mot de passe<\/strong>L&rsquo;acc\u00e8s aux zones prot\u00e9g\u00e9es par un mot de passe est r\u00e9serv\u00e9 exclusivement aux personnes autoris\u00e9es. L&rsquo;utilisateur s&rsquo;engage \u00e0 ne pas obtenir un acc\u00e8s forc\u00e9 \u00e0 ces zones et, en particulier, \u00e0 ne pas usurper l&rsquo;identit\u00e9, le code d&rsquo;acc\u00e8s ou l&rsquo;adresse d&rsquo;un autre utilisateur. Toute personne non autoris\u00e9e qui tenterait d&rsquo;acc\u00e9der \u00e0 ces zones pourrait faire l&rsquo;objet de poursuites judiciaires.<strong><\/strong>  <\/p><p><br><\/p>\n<p><strong>6.<br><\/strong><br>U<strong>tilisation du site<\/strong>L&rsquo;Editeur envisage d&rsquo;utiliser le site principalement pour ses clients et toute personne souhaitant conna\u00eetre et acheter ses produits et services. Lorsque vous naviguez ou vous connectez sur le site :<\/p>\n<ul>\n<li>Vous vous engagez \u00e0 respecter ces avis et la l\u00e9gislation applicable en g\u00e9n\u00e9ral ;<\/li>\n<li>Il s&rsquo;engage \u00e0 ne pas collecter ou utiliser abusivement, notamment, les donn\u00e9es \u00e0 caract\u00e8re personnel auxquelles il pourrait avoir acc\u00e8s et, plus g\u00e9n\u00e9ralement, \u00e0 ne pas entreprendre d&rsquo;actions susceptibles de porter atteinte aux droits des tiers.<\/li>\n<\/ul>\n<p>Lorsque vous remplissez un formulaire en fournissant des informations, vous acceptez :<\/p>\n<ul>\n<li>Fournir des informations vraies, v\u00e9ridiques et \u00e0 jour et ne pas utiliser de faux noms, fonctions ou adresses ou des noms, fonctions ou adresses pour lesquels vous n&rsquo;\u00eates pas autoris\u00e9 ;<\/li>\n<li>Maintenir \u00e0 jour les informations relatives \u00e0 l&rsquo;enregistrement afin qu&rsquo;elles soient toujours honn\u00eates et exactes ;<\/li>\n<li>Ne pas fournir ou distribuer d&rsquo;informations, de logiciels ou d&rsquo;autres \u00e9l\u00e9ments ill\u00e9gaux, r\u00e9pr\u00e9hensibles ou nuisibles (tels que des virus ou des logiciels de piratage ou de copie) ;<\/li>\n<li>Ne pas diffuser de d\u00e9clarations, d&rsquo;opinions ou d&rsquo;autres informations diffamatoires, obsc\u00e8nes, violentes ou racistes ou qui, plus g\u00e9n\u00e9ralement, violent les dispositions l\u00e9gales et r\u00e9glementaires applicables, les droits de la personne et les bonnes m\u0153urs.<\/li>\n<\/ul>\n<p>En cas de non-respect des dispositions ci-dessus, l&rsquo;Editeur se r\u00e9serve le droit d&rsquo;interdire l&rsquo;acc\u00e8s au Site ou aux services propos\u00e9s \u00e0 ses torts exclusifs et sans pr\u00e9judice de ses autres droits de recours.<\/p><p><br><\/p>\n<p><strong>7.<br> Loi applicable et juridiction comp\u00e9tente<\/strong>Les pr\u00e9sentes conditions d&rsquo;utilisation sont r\u00e9gies par la loi espagnole. <strong>&nbsp;L&rsquo;\u00c9diteur et les utilisateurs, pour la r\u00e9solution de tout litige pouvant survenir quant \u00e0 leur validit\u00e9, ex\u00e9cution, respect ou r\u00e9siliation, en tout ou en partie, renoncent express\u00e9ment \u00e0 leur propre juridiction ou \u00e0 toute autre juridiction \u00e0 laquelle ils pourraient pr\u00e9tendre, et se soumettent \u00e0 la juridiction des Cours et Tribunaux de la ville de Barcelone.&nbsp;Le pr\u00e9sent contrat constitue l&rsquo;expression compl\u00e8te et int\u00e9grale de l&rsquo;accord entre l&rsquo;\u00e9diteur et l&rsquo;utilisateur, et remplace tous les pactes, engagements, d\u00e9clarations ou accords ant\u00e9rieurs, \u00e9crits ou oraux, qui ont pu exister pr\u00e9c\u00e9demment entre eux.<\/strong>  <\/p>\t\t\t\t\t\t\t\t<\/div>\n\t\t\t\t<\/div>\n\t\t\t\t\t<\/div>\n\t\t\t\t<\/div>\n\t\t\t\t<\/div>\n\t\t","protected":false},"excerpt":{"rendered":"<p>Avis juridique En naviguant sur le site sosa.cat, ci-apr\u00e8s le \u00a0\u00bb site web \u00ab\u00a0, en tant qu&rsquo;utilisateur, ci-apr\u00e8s \u00a0\u00bb vous \u00a0\u00bb ou \u00a0\u00bb l&rsquo;utilisateur \u00ab\u00a0, vous reconnaissez comprendre et accepter les conditions d&rsquo;utilisation, ainsi que les conditions sp\u00e9cifiques applicables \u00e0 certains services du site web, mentionn\u00e9es ci-dessous. 1) Mentions l\u00e9galesL&rsquo;\u00e9diteur du site web est SOSA [&hellip;]<\/p>\n","protected":false},"author":1,"featured_media":0,"parent":0,"menu_order":0,"comment_status":"closed","ping_status":"closed","template":"","meta":{"_acf_changed":false,"inline_featured_image":false,"footnotes":""},"class_list":["post-24596","page","type-page","status-publish","hentry"],"acf":[],"yoast_head":"<!-- This site is optimized with the Yoast SEO plugin v27.4 - https:\/\/yoast.com\/product\/yoast-seo-wordpress\/ -->\n<title>Avis juridique - Sosa<\/title>\n<meta name=\"robots\" content=\"index, follow, max-snippet:-1, max-image-preview:large, max-video-preview:-1\" \/>\n<link rel=\"canonical\" href=\"https:\/\/www.sosa.cat\/fr\/avis-juridique\/\" \/>\n<meta property=\"og:locale\" content=\"fr_FR\" \/>\n<meta property=\"og:type\" content=\"article\" \/>\n<meta property=\"og:title\" content=\"Avis juridique - Sosa\" \/>\n<meta property=\"og:description\" content=\"Avis juridique En naviguant sur le site sosa.cat, ci-apr\u00e8s le \u00a0\u00bb site web \u00ab\u00a0, en tant qu&rsquo;utilisateur, ci-apr\u00e8s \u00a0\u00bb vous \u00a0\u00bb ou \u00a0\u00bb l&rsquo;utilisateur \u00ab\u00a0, vous reconnaissez comprendre et accepter les conditions d&rsquo;utilisation, ainsi que les conditions sp\u00e9cifiques applicables \u00e0 certains services du site web, mentionn\u00e9es ci-dessous. 1) Mentions l\u00e9galesL&rsquo;\u00e9diteur du site web est SOSA [&hellip;]\" \/>\n<meta property=\"og:url\" content=\"https:\/\/www.sosa.cat\/fr\/avis-juridique\/\" \/>\n<meta property=\"og:site_name\" content=\"Sosa\" \/>\n<meta property=\"article:publisher\" content=\"https:\/\/www.facebook.com\/SosaIngredients\/\" \/>\n<meta property=\"article:modified_time\" content=\"2025-01-20T17:32:44+00:00\" \/>\n<meta property=\"og:image\" content=\"https:\/\/www.sosa.cat\/wp-content\/uploads\/2025\/01\/share-sosa.jpg\" \/>\n\t<meta property=\"og:image:width\" content=\"1200\" \/>\n\t<meta property=\"og:image:height\" content=\"630\" \/>\n\t<meta property=\"og:image:type\" content=\"image\/jpeg\" \/>\n<meta name=\"twitter:card\" content=\"summary_large_image\" \/>\n<meta name=\"twitter:label1\" content=\"Dur\u00e9e de lecture estim\u00e9e\" \/>\n\t<meta name=\"twitter:data1\" content=\"6 minute\" \/>\n<script type=\"application\/ld+json\" class=\"yoast-schema-graph\">{\"@context\":\"https:\\\/\\\/schema.org\",\"@graph\":[{\"@type\":\"WebPage\",\"@id\":\"https:\\\/\\\/www.sosa.cat\\\/fr\\\/avis-juridique\\\/\",\"url\":\"https:\\\/\\\/www.sosa.cat\\\/fr\\\/avis-juridique\\\/\",\"name\":\"Avis juridique - Sosa\",\"isPartOf\":{\"@id\":\"https:\\\/\\\/www.sosa.cat\\\/fr\\\/#website\"},\"datePublished\":\"2024-12-18T11:48:23+00:00\",\"dateModified\":\"2025-01-20T17:32:44+00:00\",\"breadcrumb\":{\"@id\":\"https:\\\/\\\/www.sosa.cat\\\/fr\\\/avis-juridique\\\/#breadcrumb\"},\"inLanguage\":\"fr-FR\",\"potentialAction\":[{\"@type\":\"ReadAction\",\"target\":[\"https:\\\/\\\/www.sosa.cat\\\/fr\\\/avis-juridique\\\/\"]}]},{\"@type\":\"BreadcrumbList\",\"@id\":\"https:\\\/\\\/www.sosa.cat\\\/fr\\\/avis-juridique\\\/#breadcrumb\",\"itemListElement\":[{\"@type\":\"ListItem\",\"position\":1,\"name\":\"Accueil\",\"item\":\"https:\\\/\\\/www.sosa.cat\\\/fr\\\/\"},{\"@type\":\"ListItem\",\"position\":2,\"name\":\"Avis juridique\"}]},{\"@type\":\"WebSite\",\"@id\":\"https:\\\/\\\/www.sosa.cat\\\/fr\\\/#website\",\"url\":\"https:\\\/\\\/www.sosa.cat\\\/fr\\\/\",\"name\":\"Sosa Ingredients\",\"description\":\"\",\"publisher\":{\"@id\":\"https:\\\/\\\/www.sosa.cat\\\/fr\\\/#organization\"},\"potentialAction\":[{\"@type\":\"SearchAction\",\"target\":{\"@type\":\"EntryPoint\",\"urlTemplate\":\"https:\\\/\\\/www.sosa.cat\\\/fr\\\/?s={search_term_string}\"},\"query-input\":{\"@type\":\"PropertyValueSpecification\",\"valueRequired\":true,\"valueName\":\"search_term_string\"}}],\"inLanguage\":\"fr-FR\"},{\"@type\":\"Organization\",\"@id\":\"https:\\\/\\\/www.sosa.cat\\\/fr\\\/#organization\",\"name\":\"SOSA\",\"url\":\"https:\\\/\\\/www.sosa.cat\\\/fr\\\/\",\"logo\":{\"@type\":\"ImageObject\",\"inLanguage\":\"fr-FR\",\"@id\":\"https:\\\/\\\/www.sosa.cat\\\/fr\\\/#\\\/schema\\\/logo\\\/image\\\/\",\"url\":\"https:\\\/\\\/www.sosa.cat\\\/wp-content\\\/uploads\\\/2024\\\/11\\\/logo_sosa_big.png\",\"contentUrl\":\"https:\\\/\\\/www.sosa.cat\\\/wp-content\\\/uploads\\\/2024\\\/11\\\/logo_sosa_big.png\",\"width\":258,\"height\":260,\"caption\":\"SOSA\"},\"image\":{\"@id\":\"https:\\\/\\\/www.sosa.cat\\\/fr\\\/#\\\/schema\\\/logo\\\/image\\\/\"},\"sameAs\":[\"https:\\\/\\\/www.facebook.com\\\/SosaIngredients\\\/\",\"https:\\\/\\\/www.instagram.com\\\/sosaingredients\\\/\",\"https:\\\/\\\/www.youtube.com\\\/SosaIngredients\",\"https:\\\/\\\/www.linkedin.com\\\/company\\\/sosa-ingredients\\\/\"]}]}<\/script>\n<!-- \/ Yoast SEO plugin. -->","yoast_head_json":{"title":"Avis juridique - Sosa","robots":{"index":"index","follow":"follow","max-snippet":"max-snippet:-1","max-image-preview":"max-image-preview:large","max-video-preview":"max-video-preview:-1"},"canonical":"https:\/\/www.sosa.cat\/fr\/avis-juridique\/","og_locale":"fr_FR","og_type":"article","og_title":"Avis juridique - Sosa","og_description":"Avis juridique En naviguant sur le site sosa.cat, ci-apr\u00e8s le \u00a0\u00bb site web \u00ab\u00a0, en tant qu&rsquo;utilisateur, ci-apr\u00e8s \u00a0\u00bb vous \u00a0\u00bb ou \u00a0\u00bb l&rsquo;utilisateur \u00ab\u00a0, vous reconnaissez comprendre et accepter les conditions d&rsquo;utilisation, ainsi que les conditions sp\u00e9cifiques applicables \u00e0 certains services du site web, mentionn\u00e9es ci-dessous. 1) Mentions l\u00e9galesL&rsquo;\u00e9diteur du site web est SOSA [&hellip;]","og_url":"https:\/\/www.sosa.cat\/fr\/avis-juridique\/","og_site_name":"Sosa","article_publisher":"https:\/\/www.facebook.com\/SosaIngredients\/","article_modified_time":"2025-01-20T17:32:44+00:00","og_image":[{"width":1200,"height":630,"url":"https:\/\/www.sosa.cat\/wp-content\/uploads\/2025\/01\/share-sosa.jpg","type":"image\/jpeg"}],"twitter_card":"summary_large_image","twitter_misc":{"Dur\u00e9e de lecture estim\u00e9e":"6 minute"},"schema":{"@context":"https:\/\/schema.org","@graph":[{"@type":"WebPage","@id":"https:\/\/www.sosa.cat\/fr\/avis-juridique\/","url":"https:\/\/www.sosa.cat\/fr\/avis-juridique\/","name":"Avis juridique - Sosa","isPartOf":{"@id":"https:\/\/www.sosa.cat\/fr\/#website"},"datePublished":"2024-12-18T11:48:23+00:00","dateModified":"2025-01-20T17:32:44+00:00","breadcrumb":{"@id":"https:\/\/www.sosa.cat\/fr\/avis-juridique\/#breadcrumb"},"inLanguage":"fr-FR","potentialAction":[{"@type":"ReadAction","target":["https:\/\/www.sosa.cat\/fr\/avis-juridique\/"]}]},{"@type":"BreadcrumbList","@id":"https:\/\/www.sosa.cat\/fr\/avis-juridique\/#breadcrumb","itemListElement":[{"@type":"ListItem","position":1,"name":"Accueil","item":"https:\/\/www.sosa.cat\/fr\/"},{"@type":"ListItem","position":2,"name":"Avis juridique"}]},{"@type":"WebSite","@id":"https:\/\/www.sosa.cat\/fr\/#website","url":"https:\/\/www.sosa.cat\/fr\/","name":"Sosa Ingredients","description":"","publisher":{"@id":"https:\/\/www.sosa.cat\/fr\/#organization"},"potentialAction":[{"@type":"SearchAction","target":{"@type":"EntryPoint","urlTemplate":"https:\/\/www.sosa.cat\/fr\/?s={search_term_string}"},"query-input":{"@type":"PropertyValueSpecification","valueRequired":true,"valueName":"search_term_string"}}],"inLanguage":"fr-FR"},{"@type":"Organization","@id":"https:\/\/www.sosa.cat\/fr\/#organization","name":"SOSA","url":"https:\/\/www.sosa.cat\/fr\/","logo":{"@type":"ImageObject","inLanguage":"fr-FR","@id":"https:\/\/www.sosa.cat\/fr\/#\/schema\/logo\/image\/","url":"https:\/\/www.sosa.cat\/wp-content\/uploads\/2024\/11\/logo_sosa_big.png","contentUrl":"https:\/\/www.sosa.cat\/wp-content\/uploads\/2024\/11\/logo_sosa_big.png","width":258,"height":260,"caption":"SOSA"},"image":{"@id":"https:\/\/www.sosa.cat\/fr\/#\/schema\/logo\/image\/"},"sameAs":["https:\/\/www.facebook.com\/SosaIngredients\/","https:\/\/www.instagram.com\/sosaingredients\/","https:\/\/www.youtube.com\/SosaIngredients","https:\/\/www.linkedin.com\/company\/sosa-ingredients\/"]}]}},"_links":{"self":[{"href":"https:\/\/www.sosa.cat\/fr\/wp-json\/wp\/v2\/pages\/24596","targetHints":{"allow":["GET"]}}],"collection":[{"href":"https:\/\/www.sosa.cat\/fr\/wp-json\/wp\/v2\/pages"}],"about":[{"href":"https:\/\/www.sosa.cat\/fr\/wp-json\/wp\/v2\/types\/page"}],"author":[{"embeddable":true,"href":"https:\/\/www.sosa.cat\/fr\/wp-json\/wp\/v2\/users\/1"}],"replies":[{"embeddable":true,"href":"https:\/\/www.sosa.cat\/fr\/wp-json\/wp\/v2\/comments?post=24596"}],"version-history":[{"count":0,"href":"https:\/\/www.sosa.cat\/fr\/wp-json\/wp\/v2\/pages\/24596\/revisions"}],"wp:attachment":[{"href":"https:\/\/www.sosa.cat\/fr\/wp-json\/wp\/v2\/media?parent=24596"}],"curies":[{"name":"wp","href":"https:\/\/api.w.org\/{rel}","templated":true}]}}