{"id":37817,"date":"2024-12-18T12:48:11","date_gmt":"2024-12-18T11:48:11","guid":{"rendered":"https:\/\/www.sosa.cat\/politica-de-cookies\/"},"modified":"2025-07-23T08:53:40","modified_gmt":"2025-07-23T06:53:40","slug":"politica-de-cookies","status":"publish","type":"page","link":"https:\/\/www.sosa.cat\/ca\/politica-de-cookies\/","title":{"rendered":"Pol\u00edtica de cookies"},"content":{"rendered":"\t\t<div data-elementor-type=\"wp-page\" data-elementor-id=\"37817\" class=\"elementor elementor-37817 elementor-6056\" data-elementor-post-type=\"page\">\n\t\t\t\t<div class=\"elementor-element elementor-element-9051dde e-flex e-con-boxed e-con e-parent\" data-id=\"9051dde\" data-element_type=\"container\" data-e-type=\"container\">\n\t\t\t\t\t<div class=\"e-con-inner\">\n\t\t<div class=\"elementor-element elementor-element-2705f59 e-con-full heading e-flex e-con e-child\" data-id=\"2705f59\" data-element_type=\"container\" data-e-type=\"container\" data-settings=\"{&quot;background_background&quot;:&quot;classic&quot;}\">\n\t\t\t\t<div class=\"elementor-element elementor-element-0ddd3b7 elementor-widget elementor-widget-breadcrumbs\" data-id=\"0ddd3b7\" data-element_type=\"widget\" data-e-type=\"widget\" data-widget_type=\"breadcrumbs.default\">\n\t\t\t\t<div class=\"elementor-widget-container\">\n\t\t\t\t\t<p id=\"breadcrumbs\"><span><span><a href=\"https:\/\/www.sosa.cat\/ca\/inici\/\">Inici<\/a><\/span><\/span><\/p>\t\t\t\t<\/div>\n\t\t\t\t<\/div>\n\t\t\t\t<div class=\"elementor-element elementor-element-6602409 elementor-widget elementor-widget-heading\" data-id=\"6602409\" data-element_type=\"widget\" data-e-type=\"widget\" data-widget_type=\"heading.default\">\n\t\t\t\t<div class=\"elementor-widget-container\">\n\t\t\t\t\t<h1 class=\"elementor-heading-title elementor-size-default\">Pol\u00edtica de Cookies<\/h1>\t\t\t\t<\/div>\n\t\t\t\t<\/div>\n\t\t\t\t<\/div>\n\t\t\t\t\t<\/div>\n\t\t\t\t<\/div>\n\t\t<div class=\"elementor-element elementor-element-ec24814 e-flex e-con-boxed e-con e-parent\" data-id=\"ec24814\" data-element_type=\"container\" data-e-type=\"container\">\n\t\t\t\t\t<div class=\"e-con-inner\">\n\t\t<div class=\"elementor-element elementor-element-981bb99 e-con-full e-flex e-con e-child\" data-id=\"981bb99\" data-element_type=\"container\" data-e-type=\"container\">\n\t\t\t\t<div class=\"elementor-element elementor-element-2e5942c elementor-widget elementor-widget-text-editor\" data-id=\"2e5942c\" data-element_type=\"widget\" data-e-type=\"widget\" data-widget_type=\"text-editor.default\">\n\t\t\t\t<div class=\"elementor-widget-container\">\n\t\t\t\t\t\t\t\t\t<p>POL\u00cdTICA DE COOKIES DE sosa.cat<br>Data de l&#8217;\u00faltima actualitzaci\u00f3: 06\/05\/2024<\/p><p><strong>1. Definicions<\/strong><\/p><p>Les cookies consisteixen en informaci\u00f3 que el servidor del lloc web que es visita col\u00b7loca en el dispositiu de l&#8217;usuari. El lloc web les utilitza per enviar informaci\u00f3 (com un identificador de sessi\u00f3 o l&#8217;idioma preferit) al navegador d&#8217;Internet de l&#8217;usuari, que al seu torn pot enviar al lloc web d&#8217;origen. <\/p><p>Nom\u00e9s l&#8217;emissor d&#8217;una cookie pot llegir o modificar la informaci\u00f3 continguda en aquesta.<\/p><p>Hi ha diversos tipus de cookies:<br>o Cookies de sessi\u00f3 que desapareixen tan bon punt surt del lloc web;<br>o Cookies permanents que romanen en el seu dispositiu fins al final de la seva vida \u00fatil o fins que les elimini utilitzant les funcionalitats del seu navegador.<\/p><p>Se li informa que quan visita un lloc web, es poden instal\u00b7lar cookies en el seu terminal.<\/p><p> <\/p><p><strong>2. Els prop\u00f2sits de les cookies utilitzades<\/strong><\/p><p>Algunes cookies utilitzades per l&#8217;Editor estan exclusivament dissenyades per permetre o facilitar la comunicaci\u00f3 electr\u00f2nica (detectant errors de connexi\u00f3, identificant punts de connexi\u00f3, etc.).<\/p><p>Altres cookies s\u00f3n estrictament necess\u00e0ries per a la prestaci\u00f3 de serveis de comunicaci\u00f3 en l\u00ednia (com l&#8217;idioma en qu\u00e8 es navega, les prefer\u00e8ncies de visualitzaci\u00f3 de la pantalla, etc.) expressament sol\u00b7licitats per l&#8217;usuari.<\/p><p>Tamb\u00e9 es poden dissenyar altres cookies per:<br>o Analitzar la freq\u00fc\u00e8ncia i l&#8217;\u00fas dels llocs web per millorar la seva futura experi\u00e8ncia de navegaci\u00f3;<br>o Millorar la rellev\u00e0ncia de la publicitat difosa a trav\u00e9s del lloc web;<br>o Fer que el lloc web sigui m\u00e9s acollidor i interactiu.<\/p><p> <\/p><p><strong>3. Quines cookies utilitzem?<\/strong><\/p><p>Les cookies utilitzades en el lloc web s\u00f3n:<br>\u2022 Cookies desenvolupades per l&#8217;Editor;<br>\u2022 Un nombre limitat de cookies de tercers escollits per l&#8217;Editor per a fins espec\u00edfics.<\/p><p><strong>3.1 Cookies desenvolupades per l&#8217;editor<\/strong><\/p><p>Les seg\u00fcents cookies poden ser dipositades per eines incorporades al lloc web:<\/p><table style=\"width: 100%; border-collapse: collapse;\" border=\"1\" cellpadding=\"3\"><tbody><tr><td>Nom de la cookie<\/td><td>\u00das<\/td><td>Durada<\/td><td>Transfer\u00e8ncies internacionals<\/td><\/tr><tr><td>PHPSESSID<\/td><td>Identificador general de les variables de sessi\u00f3 de l&#8217;usuari, utilitzat, per exemple, per saber en quin idioma navega l&#8217;usuari.<\/td><td>sessi\u00f3<\/td><td>no<\/td><\/tr><tr><td>cookiehub<\/td><td>Utilitzada per Cookiehub per emmagatzemar informaci\u00f3 sobre si els visitants han atorgat o rebutjat l&#8217;\u00fas de categories de cookies utilitzades en el lloc.<\/td><td>4 mesos<\/td><td>no<\/td><\/tr><tr><td>cookieyes-consent<\/td><td>Utilitzada per Cookieyes per emmagatzemar informaci\u00f3 sobre si els visitants han atorgat o rebutjat l&#8217;\u00fas de categories de cookies utilitzades en el lloc.<\/td><td>1 any<\/td><td>no<\/td><\/tr><tr><td>pll_language<\/td><td>Cookie que identifica i recorda l&#8217;idioma seleccionat per navegar per la web.<\/td><td>1 any<\/td><td>no<\/td><\/tr><tr><td>wp_lang<\/td><td>Cookie que identifica l&#8217;idioma en qu\u00e8 s&#8217;est\u00e0 navegant per la web.<\/td><td>sessi\u00f3<\/td><td>no<\/td><\/tr><\/tbody><\/table><p><strong>3.2 Cookies de tercers<\/strong><\/p><p>L&#8217;editor tamb\u00e9 utilitza serveis proposats per tercers.<\/p><p><strong>3.2.1 Cookies t\u00e8cniques<\/strong><\/p><p>Aquestes cookies estan dissenyades principalment per facilitar la navegaci\u00f3 de l&#8217;usuari i oferir-li funcionalitats del lloc web.<\/p><p><strong>3.2.2 Mesurament de l&#8217;audi\u00e8ncia<\/strong><\/p><p>L&#8217;Editor es serveix de tercers per mesurar l&#8217;audi\u00e8ncia del lloc web.<\/p><p>En particular, l&#8217;Editor utilitza Google Analytics per registrar els visitants i identificar com utilitzen el lloc web. Google Analytics \u00e9s una eina estad\u00edstica que ajuda l&#8217;Editor a millorar el lloc web responent a les necessitats dels seus visitants. <\/p><p>Les dades generades per aquestes cookies es refereixen a:<br>\u2022 El seu \u00fas del lloc web, per exemple, les p\u00e0gines que ha visitat;<br>\u2022 La seva adre\u00e7a IP per determinar el poble o ciutat de connexi\u00f3. Aquestes dades s&#8217;anonimitzen immediatament despr\u00e9s de la localitzaci\u00f3 i no es comuniquen a Google. <\/p><table style=\"width: 100%; border-collapse: collapse;\" border=\"1\" cellpadding=\"3\"><tbody><tr><td>Lloc web<\/td><td>Nom de la cookie<\/td><td>Companyia<\/td><td>\u00das<\/td><td>Durada<\/td><td>Transfer\u00e8ncies internacionals<\/td><\/tr><tr><td>sosa.cat<\/td><td>_ga<\/td><td>Google Inc.<\/td><td>Cookie de monitoritzaci\u00f3 d&#8217;usuaris \u00fanics<\/td><td>2 anys<\/td><td>s\u00ed, EUA<\/td><\/tr><tr><td>sosa.cat<\/td><td>_ga_XXXXXXX<\/td><td>Google Inc.<\/td><td>Cookie de monitoritzaci\u00f3 d&#8217;usuaris<\/td><td>2 anys<\/td><td>s\u00ed, EUA<\/td><\/tr><tr><td>youtube.com<\/td><td>YSC<\/td><td>YouTube<\/td><td>Compta visites a un v\u00eddeo incrustat<\/td><td>Sessi\u00f3<\/td><td>s\u00ed, EUA<\/td><\/tr><tr><td>youtube.com<\/td><td>YTC<\/td><td>YouTube<\/td><td>Gestiona la presentaci\u00f3 d&#8217;un v\u00eddeo incrustat<\/td><td>Sessi\u00f3<\/td><td>s\u00ed, EUA<\/td><\/tr><tr><td>youtube.com<\/td><td>_gid<\/td><td>Google Inc.<\/td><td>Cookie de monitoritzaci\u00f3 de sessi\u00f3<\/td><td>1 dia<\/td><td>s\u00ed, EUA<\/td><\/tr><tr><td>youtube.com<\/td><td>_ga<\/td><td>Google Inc.<\/td><td>Cookie de monitoritzaci\u00f3 d&#8217;usuaris \u00fanics<\/td><td>2 anys<\/td><td>s\u00ed, EUA<\/td><\/tr><tr><td>youtube.com<\/td><td>_gat<\/td><td>Google Inc.<\/td><td>Cookie que limita la recopilaci\u00f3 de dades en llocs de tr\u00e0nsit alt<\/td><td>10 minuts<\/td><td>s\u00ed, EUA<\/td><\/tr><\/tbody><\/table><p><strong>3.2.3 Publicitat dirigida<\/strong><\/p><p>Per oferir-li publicitat proposada per l&#8217;Editor, tamb\u00e9 es poden col\u00b7locar en el seu dispositiu cookies com les seg\u00fcents:<\/p><table style=\"width: 100%; border-collapse: collapse;\" border=\"1\" cellpadding=\"3\"><tbody><tr><td>Lloc web<\/td><td>Nom de la cookie<\/td><td>Companyia<\/td><td>\u00das<\/td><td>Durada<\/td><td>Transfer\u00e8ncies internacionals<\/td><\/tr><tr><td>sosa.cat<\/td><td>_gcl_au<\/td><td>Google Inc.<\/td><td>Utilitzat per Google AdSense per experimentar amb l&#8217;efici\u00e8ncia de la publicitat en els llocs web que utilitzen els seus serveis.<\/td><td>6 mesos<\/td><td>s\u00ed, EUA<\/td><\/tr><tr><td>sosa.cat<\/td><td>_fbp<\/td><td>Facebook<\/td><td>Utilitzat per Facebook per oferir una s\u00e8rie de productes publicitaris, com ofertes en temps real d&#8217;anunciants externs.<\/td><td>3 mesos<\/td><td>s\u00ed, EUA<\/td><\/tr><tr><td>youtube.com<\/td><td>__Secure-3PAPISID<\/td><td>Google Inc.<\/td><td>Crea un perfil dels interessos dels visitants del lloc web per mostrar anuncis rellevants i personalitzats.<\/td><td>2 anys<\/td><td>s\u00ed, EUA<\/td><\/tr><tr><td>youtube.com<\/td><td>__Secure-3PSID<\/td><td>YouTube<\/td><td>Crea un perfil dels interessos dels visitants del lloc web per mostrar anuncis rellevants i personalitzats.<\/td><td>1 any<\/td><td>s\u00ed, EUA<\/td><\/tr><tr><td>youtube.com<\/td><td>__Secure-3PSIDCC<\/td><td>YouTube<\/td><td>Crea un perfil dels interessos dels visitants del lloc web per mostrar anuncis rellevants i personalitzats.<\/td><td>2 anys<\/td><td>s\u00ed, EUA<\/td><\/tr><tr><td>youtube.com<\/td><td>CONSENT<\/td><td>Google Inc.<\/td><td>Recopila informaci\u00f3 de com l&#8217;usuari utilitza la web i anuncis previs a la seva visita a aquesta web<\/td><td>15 mesos<\/td><td>s\u00ed, EUA<\/td><\/tr><tr><td>youtube.com<\/td><td>CONSISTENCY<\/td><td>Google Inc.<\/td><td>Cookie amb prop\u00f2sits publicitaris<\/td><td>1 dia<\/td><td>s\u00ed, EUA<\/td><\/tr><\/tbody><\/table><p><strong>3.2.4 Millora de la conviv\u00e8ncia i interactivitat del lloc web<\/strong><\/p><p>Per proporcionar-li acc\u00e9s a certes funcionalitats del lloc web, l&#8217;Editor pot utilitzar certs serveis de tercers, com per exemple:<br>\u2022 Botons per compartir amb Facebook i Twitter<\/p><p>Mitjan\u00e7ant aquestes cookies:<br>No s&#8217;elaboren perfils dels usuaris que naveguen a trav\u00e9s de la web ni, per tant, es prenen decisions automatitzades basades en aquestes dades.<\/p><p><strong>Pol\u00edtica de cookies de tercers<\/strong><\/p><table style=\"width: 100%; border-collapse: collapse;\" border=\"1\" cellpadding=\"3\"><tbody><tr><td>Google\/Youtube<\/td><td>https:\/\/policies.google.com\/technologies\/cookies?hl=es<\/td><\/tr><tr><td>Facebook<\/td><td>https:\/\/es-es.facebook.com\/privacy\/policies\/cookies\/?entry_point=cookie_policy_redirect&amp;entry=0<\/td><\/tr><tr><td>Twitter<\/td><td>https:\/\/help.twitter.com\/es\/rules-and-policies\/twitter-cookies<\/td><\/tr><tr><td>Mailchimp<\/td><td>https:\/\/mailchimp.com\/legal\/cookies\/?locale=es<\/td><\/tr><\/tbody><\/table><p>Podeu informar-vos de les transfer\u00e8ncies a tercers pa\u00efsos que, si escau, realitzen els tercers identificats en aquesta pol\u00edtica de cookies, aix\u00ed com dels riscos que suposa aquesta transfer\u00e8ncia d&#8217;acord amb les seves pr\u00f2pies pol\u00edtiques alienes a aquest lloc web, accedint a les seves corresponents pol\u00edtiques de cookies facilitades en cada cas a la taula anterior.<\/p><p> <\/p><p><strong>4. Autoritzaci\u00f3<\/strong><\/p><p>Quan visiteu per primera vegada el nostre lloc web, us proposem que accepteu l&#8217;\u00fas de cookies.<\/p><p>Si accepteu l&#8217;\u00fas de cookies, s&#8217;instal\u00b7lar\u00e0 una cookie de consentiment de la mateixa manera.<\/p><p>Les cookies de consentiment han de romandre en el seu dispositiu, per\u00f2 vost\u00e8 pot canviar d&#8217;opini\u00f3 en qualsevol moment, d&#8217;acord amb la seg\u00fcent secci\u00f3 sobre la gesti\u00f3 de les cookies.<\/p><p> <\/p><p><strong>5. Gesti\u00f3 de les cookies<\/strong><\/p><p>Disposa de diverses opcions per esborrar i gestionar les cookies i altres rastrejadors.<\/p><p><strong>5.1 Par\u00e0metres del navegador<\/strong><\/p><p>Encara que la majoria dels navegadors estan configurats per defecte per acceptar la instal\u00b7laci\u00f3 de cookies, si ho desitja, pot optar per acceptar totes les cookies, rebutjar-les sistem\u00e0ticament o seleccionar determinades cookies en funci\u00f3 del seu emissor. Tamb\u00e9 pot eliminar regularment les cookies del seu dispositiu mitjan\u00e7ant el navegador. <\/p><p>No obstant aix\u00f2, no oblideu configurar tots els navegadors dels seus diferents dispositius (tauletes, tel\u00e8fons intel\u00b7ligents, ordinadors, etc.).<\/p><p>La configuraci\u00f3 de les cookies i altres opcions del navegador varia d&#8217;un navegador a un altre, per\u00f2 sempre es descriu en el men\u00fa d&#8217;ajuda del seu navegador. Per exemple:<br>\u2022 Per a Internet Explorer\u2122: https:\/\/support.microsoft.com\/es-es\/help\/17442\/windows-internet-explorer-delete-manage-cookies<br>\u2022 Per a Safari\u2122: https:\/\/support.apple.com\/es-es\/guide\/safari\/sfri11471\/mac<br>\u2022 Per a Chrome\u2122: https:\/\/support.google.com\/chrome\/answer\/95647?hl=es&amp;hlrm=en<br>\u2022 Per a Firefox\u2122: https:\/\/support.mozilla.org\/es\/kb\/proteccion-de-rastreo-mejorada-en-firefox-para-esc<br>\u2022 Per a Opera\u2122: http:\/\/help.opera.com\/Windows\/10.20\/es\/cookies.html <\/p><p>Tanmateix, volem assenyalar que, en configurar el seu navegador per rebutjar les cookies, certes funcionalitats, p\u00e0gines i espais del lloc web no estaran disponibles per a vost\u00e8, per la qual cosa no podem acceptar cap responsabilitat.<\/p><p><strong>5.2 Plataformes oposades<\/strong><\/p><p>Diverses plataformes publicit\u00e0ries tamb\u00e9 li ofereixen la possibilitat de rebutjar o acceptar les cookies utilitzades per les empreses que utilitzen les plataformes, mitjan\u00e7ant mecanismes que no impedeixen la visualitzaci\u00f3 de la publicitat, per\u00f2 que impedeixen la instal\u00b7laci\u00f3 de cookies per adaptar la publicitat de les plataformes als seus punts d&#8217;inter\u00e8s.<\/p><p>Pot, per exemple, utilitzar www.youronlinechoices.com per prohibir la instal\u00b7laci\u00f3 d&#8217;aquestes cookies en el seu dispositiu. El lloc web s&#8217;ofereix pels professionals de la publicitat digital de l&#8217;associaci\u00f3 europea EDAA (European Digital Advertising Alliance) i est\u00e0 gestionat a Fran\u00e7a per l&#8217;Oficina de Publicitat Interactiva de Fran\u00e7a. <\/p><p>D&#8217;aquesta manera, podr\u00e0 identificar les empreses registrades en la plataforma que li ofereixen la possibilitat de rebutjar o acceptar les seves cookies per adaptar la seva publicitat a les dades del seu navegador:<br>https:\/\/www.youronlinechoices.com\/es\/preferencias\/. Aquesta plataforma europea la comparteixen centenars de professionals de la publicitat a Internet.<\/p>\t\t\t\t\t\t\t\t<\/div>\n\t\t\t\t<\/div>\n\t\t\t\t<\/div>\n\t\t\t\t\t<\/div>\n\t\t\t\t<\/div>\n\t\t\t\t<\/div>\n\t\t","protected":false},"excerpt":{"rendered":"<p>Pol\u00edtica de Cookies POL\u00cdTICA DE COOKIES DE sosa.catData de l&#8217;\u00faltima actualitzaci\u00f3: 06\/05\/2024 1. Definicions Les cookies consisteixen en informaci\u00f3 que el servidor del lloc web que es visita col\u00b7loca en el dispositiu de l&#8217;usuari. El lloc web les utilitza per enviar informaci\u00f3 (com un identificador de sessi\u00f3 o l&#8217;idioma preferit) al navegador d&#8217;Internet de l&#8217;usuari, [&hellip;]<\/p>\n","protected":false},"author":1,"featured_media":0,"parent":0,"menu_order":0,"comment_status":"closed","ping_status":"closed","template":"","meta":{"_acf_changed":false,"inline_featured_image":false,"footnotes":""},"class_list":["post-37817","page","type-page","status-publish","hentry"],"acf":[],"yoast_head":"<!-- This site is optimized with the Yoast SEO plugin v27.4 - https:\/\/yoast.com\/product\/yoast-seo-wordpress\/ -->\n<title>Pol\u00edtica de cookies - Sosa<\/title>\n<meta name=\"robots\" content=\"index, follow, max-snippet:-1, max-image-preview:large, max-video-preview:-1\" \/>\n<link rel=\"canonical\" href=\"https:\/\/www.sosa.cat\/ca\/politica-de-cookies\/\" \/>\n<meta property=\"og:locale\" content=\"ca_ES\" \/>\n<meta property=\"og:type\" content=\"article\" \/>\n<meta property=\"og:title\" content=\"Pol\u00edtica de cookies - Sosa\" \/>\n<meta property=\"og:description\" content=\"Pol\u00edtica de Cookies POL\u00cdTICA DE COOKIES DE sosa.catData de l&#8217;\u00faltima actualitzaci\u00f3: 06\/05\/2024 1. Definicions Les cookies consisteixen en informaci\u00f3 que el servidor del lloc web que es visita col\u00b7loca en el dispositiu de l&#8217;usuari. El lloc web les utilitza per enviar informaci\u00f3 (com un identificador de sessi\u00f3 o l&#8217;idioma preferit) al navegador d&#8217;Internet de l&#8217;usuari, [&hellip;]\" \/>\n<meta property=\"og:url\" content=\"https:\/\/www.sosa.cat\/ca\/politica-de-cookies\/\" \/>\n<meta property=\"og:site_name\" content=\"Sosa\" \/>\n<meta property=\"article:publisher\" content=\"https:\/\/www.facebook.com\/SosaIngredients\/\" \/>\n<meta property=\"article:modified_time\" content=\"2025-07-23T06:53:40+00:00\" \/>\n<meta property=\"og:image\" content=\"https:\/\/www.sosa.cat\/wp-content\/uploads\/2025\/01\/share-sosa.jpg\" \/>\n\t<meta property=\"og:image:width\" content=\"1200\" \/>\n\t<meta property=\"og:image:height\" content=\"630\" \/>\n\t<meta property=\"og:image:type\" content=\"image\/jpeg\" \/>\n<meta name=\"twitter:card\" content=\"summary_large_image\" \/>\n<meta name=\"twitter:label1\" content=\"Temps estimat de lectura\" \/>\n\t<meta name=\"twitter:data1\" content=\"7 minut\" \/>\n<script type=\"application\/ld+json\" class=\"yoast-schema-graph\">{\"@context\":\"https:\\\/\\\/schema.org\",\"@graph\":[{\"@type\":\"WebPage\",\"@id\":\"https:\\\/\\\/www.sosa.cat\\\/ca\\\/politica-de-cookies\\\/\",\"url\":\"https:\\\/\\\/www.sosa.cat\\\/ca\\\/politica-de-cookies\\\/\",\"name\":\"Pol\u00edtica de cookies - Sosa\",\"isPartOf\":{\"@id\":\"https:\\\/\\\/www.sosa.cat\\\/ca\\\/#website\"},\"datePublished\":\"2024-12-18T11:48:11+00:00\",\"dateModified\":\"2025-07-23T06:53:40+00:00\",\"breadcrumb\":{\"@id\":\"https:\\\/\\\/www.sosa.cat\\\/ca\\\/politica-de-cookies\\\/#breadcrumb\"},\"inLanguage\":\"ca\",\"potentialAction\":[{\"@type\":\"ReadAction\",\"target\":[\"https:\\\/\\\/www.sosa.cat\\\/ca\\\/politica-de-cookies\\\/\"]}]},{\"@type\":\"BreadcrumbList\",\"@id\":\"https:\\\/\\\/www.sosa.cat\\\/ca\\\/politica-de-cookies\\\/#breadcrumb\",\"itemListElement\":[{\"@type\":\"ListItem\",\"position\":1,\"name\":\"Inici\",\"item\":\"https:\\\/\\\/www.sosa.cat\\\/ca\\\/inici\\\/\"},{\"@type\":\"ListItem\",\"position\":2,\"name\":\"Pol\u00edtica de cookies\"}]},{\"@type\":\"WebSite\",\"@id\":\"https:\\\/\\\/www.sosa.cat\\\/ca\\\/#website\",\"url\":\"https:\\\/\\\/www.sosa.cat\\\/ca\\\/\",\"name\":\"Sosa Ingredients\",\"description\":\"\",\"publisher\":{\"@id\":\"https:\\\/\\\/www.sosa.cat\\\/ca\\\/#organization\"},\"potentialAction\":[{\"@type\":\"SearchAction\",\"target\":{\"@type\":\"EntryPoint\",\"urlTemplate\":\"https:\\\/\\\/www.sosa.cat\\\/ca\\\/?s={search_term_string}\"},\"query-input\":{\"@type\":\"PropertyValueSpecification\",\"valueRequired\":true,\"valueName\":\"search_term_string\"}}],\"inLanguage\":\"ca\"},{\"@type\":\"Organization\",\"@id\":\"https:\\\/\\\/www.sosa.cat\\\/ca\\\/#organization\",\"name\":\"SOSA\",\"url\":\"https:\\\/\\\/www.sosa.cat\\\/ca\\\/\",\"logo\":{\"@type\":\"ImageObject\",\"inLanguage\":\"ca\",\"@id\":\"https:\\\/\\\/www.sosa.cat\\\/ca\\\/#\\\/schema\\\/logo\\\/image\\\/\",\"url\":\"https:\\\/\\\/www.sosa.cat\\\/wp-content\\\/uploads\\\/2024\\\/11\\\/logo_sosa_big.png\",\"contentUrl\":\"https:\\\/\\\/www.sosa.cat\\\/wp-content\\\/uploads\\\/2024\\\/11\\\/logo_sosa_big.png\",\"width\":258,\"height\":260,\"caption\":\"SOSA\"},\"image\":{\"@id\":\"https:\\\/\\\/www.sosa.cat\\\/ca\\\/#\\\/schema\\\/logo\\\/image\\\/\"},\"sameAs\":[\"https:\\\/\\\/www.facebook.com\\\/SosaIngredients\\\/\",\"https:\\\/\\\/www.instagram.com\\\/sosaingredients\\\/\",\"https:\\\/\\\/www.youtube.com\\\/SosaIngredients\",\"https:\\\/\\\/www.linkedin.com\\\/company\\\/sosa-ingredients\\\/\"]}]}<\/script>\n<!-- \/ Yoast SEO plugin. -->","yoast_head_json":{"title":"Pol\u00edtica de cookies - Sosa","robots":{"index":"index","follow":"follow","max-snippet":"max-snippet:-1","max-image-preview":"max-image-preview:large","max-video-preview":"max-video-preview:-1"},"canonical":"https:\/\/www.sosa.cat\/ca\/politica-de-cookies\/","og_locale":"ca_ES","og_type":"article","og_title":"Pol\u00edtica de cookies - Sosa","og_description":"Pol\u00edtica de Cookies POL\u00cdTICA DE COOKIES DE sosa.catData de l&#8217;\u00faltima actualitzaci\u00f3: 06\/05\/2024 1. Definicions Les cookies consisteixen en informaci\u00f3 que el servidor del lloc web que es visita col\u00b7loca en el dispositiu de l&#8217;usuari. El lloc web les utilitza per enviar informaci\u00f3 (com un identificador de sessi\u00f3 o l&#8217;idioma preferit) al navegador d&#8217;Internet de l&#8217;usuari, [&hellip;]","og_url":"https:\/\/www.sosa.cat\/ca\/politica-de-cookies\/","og_site_name":"Sosa","article_publisher":"https:\/\/www.facebook.com\/SosaIngredients\/","article_modified_time":"2025-07-23T06:53:40+00:00","og_image":[{"width":1200,"height":630,"url":"https:\/\/www.sosa.cat\/wp-content\/uploads\/2025\/01\/share-sosa.jpg","type":"image\/jpeg"}],"twitter_card":"summary_large_image","twitter_misc":{"Temps estimat de lectura":"7 minut"},"schema":{"@context":"https:\/\/schema.org","@graph":[{"@type":"WebPage","@id":"https:\/\/www.sosa.cat\/ca\/politica-de-cookies\/","url":"https:\/\/www.sosa.cat\/ca\/politica-de-cookies\/","name":"Pol\u00edtica de cookies - Sosa","isPartOf":{"@id":"https:\/\/www.sosa.cat\/ca\/#website"},"datePublished":"2024-12-18T11:48:11+00:00","dateModified":"2025-07-23T06:53:40+00:00","breadcrumb":{"@id":"https:\/\/www.sosa.cat\/ca\/politica-de-cookies\/#breadcrumb"},"inLanguage":"ca","potentialAction":[{"@type":"ReadAction","target":["https:\/\/www.sosa.cat\/ca\/politica-de-cookies\/"]}]},{"@type":"BreadcrumbList","@id":"https:\/\/www.sosa.cat\/ca\/politica-de-cookies\/#breadcrumb","itemListElement":[{"@type":"ListItem","position":1,"name":"Inici","item":"https:\/\/www.sosa.cat\/ca\/inici\/"},{"@type":"ListItem","position":2,"name":"Pol\u00edtica de cookies"}]},{"@type":"WebSite","@id":"https:\/\/www.sosa.cat\/ca\/#website","url":"https:\/\/www.sosa.cat\/ca\/","name":"Sosa Ingredients","description":"","publisher":{"@id":"https:\/\/www.sosa.cat\/ca\/#organization"},"potentialAction":[{"@type":"SearchAction","target":{"@type":"EntryPoint","urlTemplate":"https:\/\/www.sosa.cat\/ca\/?s={search_term_string}"},"query-input":{"@type":"PropertyValueSpecification","valueRequired":true,"valueName":"search_term_string"}}],"inLanguage":"ca"},{"@type":"Organization","@id":"https:\/\/www.sosa.cat\/ca\/#organization","name":"SOSA","url":"https:\/\/www.sosa.cat\/ca\/","logo":{"@type":"ImageObject","inLanguage":"ca","@id":"https:\/\/www.sosa.cat\/ca\/#\/schema\/logo\/image\/","url":"https:\/\/www.sosa.cat\/wp-content\/uploads\/2024\/11\/logo_sosa_big.png","contentUrl":"https:\/\/www.sosa.cat\/wp-content\/uploads\/2024\/11\/logo_sosa_big.png","width":258,"height":260,"caption":"SOSA"},"image":{"@id":"https:\/\/www.sosa.cat\/ca\/#\/schema\/logo\/image\/"},"sameAs":["https:\/\/www.facebook.com\/SosaIngredients\/","https:\/\/www.instagram.com\/sosaingredients\/","https:\/\/www.youtube.com\/SosaIngredients","https:\/\/www.linkedin.com\/company\/sosa-ingredients\/"]}]}},"_links":{"self":[{"href":"https:\/\/www.sosa.cat\/ca\/wp-json\/wp\/v2\/pages\/37817","targetHints":{"allow":["GET"]}}],"collection":[{"href":"https:\/\/www.sosa.cat\/ca\/wp-json\/wp\/v2\/pages"}],"about":[{"href":"https:\/\/www.sosa.cat\/ca\/wp-json\/wp\/v2\/types\/page"}],"author":[{"embeddable":true,"href":"https:\/\/www.sosa.cat\/ca\/wp-json\/wp\/v2\/users\/1"}],"replies":[{"embeddable":true,"href":"https:\/\/www.sosa.cat\/ca\/wp-json\/wp\/v2\/comments?post=37817"}],"version-history":[{"count":0,"href":"https:\/\/www.sosa.cat\/ca\/wp-json\/wp\/v2\/pages\/37817\/revisions"}],"wp:attachment":[{"href":"https:\/\/www.sosa.cat\/ca\/wp-json\/wp\/v2\/media?parent=37817"}],"curies":[{"name":"wp","href":"https:\/\/api.w.org\/{rel}","templated":true}]}}